{"id":906,"date":"2023-06-20T16:44:31","date_gmt":"2023-06-20T15:44:31","guid":{"rendered":"https:\/\/podsquadmooc.eu\/?page_id=906"},"modified":"2024-07-03T12:50:30","modified_gmt":"2024-07-03T11:50:30","slug":"embedded-learning-through-podcasts-curriculum","status":"publish","type":"page","link":"https:\/\/podsquadmooc.eu\/ro\/embedded-learning-through-podcasts-curriculum\/","title":{"rendered":"Curriculum de \u00eenv\u0103\u021bare \u00eencorporat\u0103 prin podcasturi"},"content":{"rendered":"<div data-elementor-type=\"wp-page\" data-elementor-id=\"906\" class=\"elementor elementor-906\">\n\t\t\t\t\t\t<section class=\"elementor-section elementor-top-section elementor-element elementor-element-aed5af4 elementor-section-boxed elementor-section-height-default elementor-section-height-default\" data-id=\"aed5af4\" data-element_type=\"section\" data-settings=\"{&quot;background_background&quot;:&quot;classic&quot;}\">\n\t\t\t\t\t\t<div class=\"elementor-container elementor-column-gap-default\">\n\t\t\t\t\t<div class=\"elementor-column elementor-col-50 elementor-top-column elementor-element elementor-element-021534d\" data-id=\"021534d\" data-element_type=\"column\">\n\t\t\t<div class=\"elementor-widget-wrap elementor-element-populated\">\n\t\t\t\t\t\t<div class=\"elementor-element elementor-element-0e89202 elementor-widget elementor-widget-image\" data-id=\"0e89202\" data-element_type=\"widget\" data-widget_type=\"image.default\">\n\t\t\t\t<div class=\"elementor-widget-container\">\n\t\t\t<style>\/*! elementor - v3.21.0 - 26-05-2024 *\/\n.elementor-widget-image{text-align:center}.elementor-widget-image a{display:inline-block}.elementor-widget-image a img[src$=\".svg\"]{width:48px}.elementor-widget-image img{vertical-align:middle;display:inline-block}<\/style>\t\t\t\t\t\t\t\t\t\t\t<a href=\"https:\/\/podsquadmooc.eu\/ro\/\">\n\t\t\t\t\t\t\t<img decoding=\"async\" width=\"300\" height=\"152\" src=\"https:\/\/podsquadmooc.eu\/wp-content\/uploads\/2023\/05\/PODSQUAD_logo_500x500_transparent-300x152.png\" class=\"attachment-medium size-medium wp-image-11\" alt=\"\" srcset=\"https:\/\/podsquadmooc.eu\/wp-content\/uploads\/2023\/05\/PODSQUAD_logo_500x500_transparent-300x152.png 300w, https:\/\/podsquadmooc.eu\/wp-content\/uploads\/2023\/05\/PODSQUAD_logo_500x500_transparent.png 500w\" sizes=\"(max-width: 300px) 100vw, 300px\" \/>\t\t\t\t\t\t\t\t<\/a>\n\t\t\t\t\t\t\t\t\t\t\t\t\t<\/div>\n\t\t\t\t<\/div>\n\t\t\t\t\t<\/div>\n\t\t<\/div>\n\t\t\t\t<div class=\"elementor-column elementor-col-50 elementor-top-column elementor-element elementor-element-b0e5dc6\" data-id=\"b0e5dc6\" data-element_type=\"column\">\n\t\t\t<div class=\"elementor-widget-wrap elementor-element-populated\">\n\t\t\t\t\t\t<div class=\"elementor-element elementor-element-bd6a00d elementor-widget elementor-widget-ekit-nav-menu\" data-id=\"bd6a00d\" data-element_type=\"widget\" data-widget_type=\"ekit-nav-menu.default\">\n\t\t\t\t<div class=\"elementor-widget-container\">\n\t\t\t<div class=\"ekit-wid-con ekit_menu_responsive_tablet\" data-hamburger-icon=\"\" data-hamburger-icon-type=\"icon\" data-responsive-breakpoint=\"1024\">            <button class=\"elementskit-menu-hamburger elementskit-menu-toggler\"  type=\"button\" aria-label=\"hamburger-icon\">\n                                    <span class=\"elementskit-menu-hamburger-icon\"><\/span><span class=\"elementskit-menu-hamburger-icon\"><\/span><span class=\"elementskit-menu-hamburger-icon\"><\/span>\n                            <\/button>\n            <div id=\"ekit-megamenu-main\" class=\"elementskit-menu-container elementskit-menu-offcanvas-elements elementskit-navbar-nav-default ekit-nav-menu-one-page-no ekit-nav-dropdown-hover\"><ul id=\"menu-main\" class=\"elementskit-navbar-nav elementskit-menu-po-right submenu-click-on-icon\"><li id=\"menu-item-129\" class=\"menu-item menu-item-type-custom menu-item-object-custom menu-item-129 nav-item elementskit-mobile-builder-content\" data-vertical-menu=\"750px\"><a href=\"https:\/\/podsquadmooc.eu\/ro\/\" class=\"ekit-menu-nav-link menu-link\">Acas\u0103<\/a><\/li>\n<li id=\"menu-item-127\" class=\"menu-item menu-item-type-post_type menu-item-object-page menu-item-127 nav-item elementskit-mobile-builder-content\" data-vertical-menu=\"750px\"><a href=\"https:\/\/podsquadmooc.eu\/ro\/in-service-training-programme\/\" class=\"ekit-menu-nav-link menu-link\">Programul de formare continu\u0103<\/a><\/li>\n<li id=\"menu-item-370\" class=\"menu-item menu-item-type-post_type menu-item-object-page menu-item-370 nav-item elementskit-mobile-builder-content\" data-vertical-menu=\"750px\"><a href=\"https:\/\/podsquadmooc.eu\/ro\/my-mental-health-toolkit-of-resources\/\" class=\"ekit-menu-nav-link menu-link\">Setul meu de resurse pentru s\u0103n\u0103tate mintal\u0103<\/a><\/li>\n<li id=\"menu-item-912\" class=\"menu-item menu-item-type-post_type menu-item-object-page menu-item-912 nav-item elementskit-mobile-builder-content\" data-vertical-menu=\"750px\"><a href=\"https:\/\/podsquadmooc.eu\/ro\/embedded-learning-through-podcasts-curriculum\/\" class=\"ekit-menu-nav-link menu-link\">Curriculum de \u00eenv\u0103\u021bare \u00eencorporat\u0103 prin podcasturi<\/a><\/li>\n<li id=\"menu-item-924\" class=\"menu-item menu-item-type-post_type menu-item-object-page menu-item-924 nav-item elementskit-mobile-builder-content\" data-vertical-menu=\"750px\"><a href=\"https:\/\/podsquadmooc.eu\/ro\/login\/\" class=\"ekit-menu-nav-link menu-link\">Autentificare<\/a><\/li>\n<li id=\"menu-item-926\" class=\"menu-item menu-item-type-post_type menu-item-object-page menu-item-926 nav-item elementskit-mobile-builder-content\" data-vertical-menu=\"750px\"><a href=\"https:\/\/podsquadmooc.eu\/ro\/register\/\" class=\"ekit-menu-nav-link menu-link\">\u00cenregistrare<\/a><\/li>\n<li id=\"menu-item-953\" class=\"menu-item menu-item-type-post_type menu-item-object-page menu-item-953 nav-item elementskit-mobile-builder-content\" data-vertical-menu=\"750px\"><a href=\"https:\/\/podsquadmooc.eu\/ro\/community-of-practice\/\" class=\"ekit-menu-nav-link menu-link\">Comunitatea de practic\u0103<\/a><\/li>\n<\/ul><div class=\"elementskit-nav-identity-panel\">\n\t\t\t\t<div class=\"elementskit-site-title\">\n\t\t\t\t\t<a class=\"elementskit-nav-logo\" href=\"https:\/\/podsquadmooc.eu\/ro\" target=\"_self\" rel=\"\">\n\t\t\t\t\t\t<img decoding=\"async\" src=\"\" title=\"\" alt=\"\" \/>\n\t\t\t\t\t<\/a> \n\t\t\t\t<\/div><button class=\"elementskit-menu-close elementskit-menu-toggler\" type=\"button\">X<\/button><\/div><\/div>\t\t\t\n\t\t\t<div class=\"elementskit-menu-overlay elementskit-menu-offcanvas-elements elementskit-menu-toggler ekit-nav-menu--overlay\"><\/div><\/div>\t\t<\/div>\n\t\t\t\t<\/div>\n\t\t\t\t\t<\/div>\n\t\t<\/div>\n\t\t\t\t\t<\/div>\n\t\t<\/section>\n\t\t\t\t<section class=\"elementor-section elementor-top-section elementor-element elementor-element-4668d63 elementor-section-boxed elementor-section-height-default elementor-section-height-default\" data-id=\"4668d63\" data-element_type=\"section\" data-settings=\"{&quot;background_background&quot;:&quot;classic&quot;}\">\n\t\t\t\t\t\t<div class=\"elementor-container elementor-column-gap-default\">\n\t\t\t\t\t<div class=\"elementor-column elementor-col-100 elementor-top-column elementor-element elementor-element-3398d3b\" data-id=\"3398d3b\" data-element_type=\"column\">\n\t\t\t<div class=\"elementor-widget-wrap elementor-element-populated\">\n\t\t\t\t\t\t<div class=\"elementor-element elementor-element-a66e687 elementor-widget elementor-widget-image\" data-id=\"a66e687\" data-element_type=\"widget\" data-widget_type=\"image.default\">\n\t\t\t\t<div class=\"elementor-widget-container\">\n\t\t\t\t\t\t\t\t\t\t\t\t\t<img fetchpriority=\"high\" decoding=\"async\" width=\"500\" height=\"500\" src=\"https:\/\/podsquadmooc.eu\/wp-content\/uploads\/2023\/06\/Podcast-audience.gif\" class=\"attachment-full size-full wp-image-908\" alt=\"\" \/>\t\t\t\t\t\t\t\t\t\t\t\t\t<\/div>\n\t\t\t\t<\/div>\n\t\t\t\t<div class=\"elementor-element elementor-element-8b23481 elementor-invisible elementor-widget elementor-widget-heading\" data-id=\"8b23481\" data-element_type=\"widget\" data-settings=\"{&quot;_animation&quot;:&quot;fadeIn&quot;}\" data-widget_type=\"heading.default\">\n\t\t\t\t<div class=\"elementor-widget-container\">\n\t\t\t<style>\/*! elementor - v3.21.0 - 26-05-2024 *\/\n.elementor-heading-title{padding:0;margin:0;line-height:1}.elementor-widget-heading .elementor-heading-title[class*=elementor-size-]>a{color:inherit;font-size:inherit;line-height:inherit}.elementor-widget-heading .elementor-heading-title.elementor-size-small{font-size:15px}.elementor-widget-heading .elementor-heading-title.elementor-size-medium{font-size:19px}.elementor-widget-heading .elementor-heading-title.elementor-size-large{font-size:29px}.elementor-widget-heading .elementor-heading-title.elementor-size-xl{font-size:39px}.elementor-widget-heading .elementor-heading-title.elementor-size-xxl{font-size:59px}<\/style><h2 class=\"elementor-heading-title elementor-size-default\">Curriculum de \u00eenv\u0103\u021bare \u00eencorporat\u0103 prin podcasturi<\/h2>\t\t<\/div>\n\t\t\t\t<\/div>\n\t\t\t\t<div class=\"elementor-element elementor-element-6bf67e5 elementor-widget elementor-widget-text-editor\" data-id=\"6bf67e5\" data-element_type=\"widget\" data-widget_type=\"text-editor.default\">\n\t\t\t\t<div class=\"elementor-widget-container\">\n\t\t\t<style>\/*! elementor - v3.21.0 - 26-05-2024 *\/\n.elementor-widget-text-editor.elementor-drop-cap-view-stacked .elementor-drop-cap{background-color:#69727d;color:#fff}.elementor-widget-text-editor.elementor-drop-cap-view-framed .elementor-drop-cap{color:#69727d;border:3px solid;background-color:transparent}.elementor-widget-text-editor:not(.elementor-drop-cap-view-default) .elementor-drop-cap{margin-top:8px}.elementor-widget-text-editor:not(.elementor-drop-cap-view-default) .elementor-drop-cap-letter{width:1em;height:1em}.elementor-widget-text-editor .elementor-drop-cap{float:left;text-align:center;line-height:1;font-size:50px}.elementor-widget-text-editor .elementor-drop-cap-letter{display:inline-block}<\/style>\t\t\t\t<p><span style=\"font-weight: 400;\">Curriculumul de \u00eenv\u0103\u021bare \u00eencorporat\u0103 prin podcasturi PODSQUAD este un program unic, dezvoltat pentru a le oferi tinerilor posibilitatea de a \u00eenv\u0103\u021ba de la distan\u021b\u0103, combin\u00e2nd \u00eenv\u0103\u021barea la distan\u021b\u0103 \u0219i podcasting-ul \u00eentr-un curriculum succint. Tinerii sunt \u00eencuraja\u021bi s\u0103 \u00ee\u0219i exploreze interesele \u0219i pasiunile prin intermediul unor podcasturi scurte, care vor fi \u00eemp\u0103rt\u0103\u0219ite cu colegii din diferite \u021b\u0103ri ale UE \u0219i la nivel na\u021bional. Curriculumul ofer\u0103 resurse complete de formare \u0219i \u00eendrumare pentru fiecare etap\u0103 a produc\u021biei de podcasturi, permi\u021b\u00e2ndu-le tinerilor s\u0103 \u00ee\u0219i dezvolte competen\u021bele media digitale, s\u0103 \u00eembun\u0103t\u0103\u021beasc\u0103 alfabetizarea \u0219i s\u0103 dob\u00e2ndeasc\u0103 competen\u021be numerice \u0219i interpersonale. Programul \u00eencurajeaz\u0103 abilit\u0103\u021bile de planificare, de gestionare a timpului \u0219i de cercetare, oferind \u00een acela\u0219i timp sprijin continuu dincolo de durata proiectului. Al\u0103tura\u021bi-v\u0103 nou\u0103 pentru a debloca poten\u021bialul tinerilor adul\u021bi NEETs prin podcasting \u0219i pentru a le da posibilitatea de a avea un impact semnificativ.<\/span><\/p>\t\t\t\t\t\t<\/div>\n\t\t\t\t<\/div>\n\t\t\t\t<section class=\"elementor-section elementor-inner-section elementor-element elementor-element-79b484e elementor-section-boxed elementor-section-height-default elementor-section-height-default\" data-id=\"79b484e\" data-element_type=\"section\">\n\t\t\t\t\t\t<div class=\"elementor-container elementor-column-gap-default\">\n\t\t\t\t\t<div class=\"elementor-column elementor-col-50 elementor-inner-column elementor-element elementor-element-34ed446\" data-id=\"34ed446\" data-element_type=\"column\">\n\t\t\t<div class=\"elementor-widget-wrap elementor-element-populated\">\n\t\t\t\t\t\t<div class=\"elementor-element elementor-element-a01bb25 elementor-align-center elementor-widget elementor-widget-button\" data-id=\"a01bb25\" data-element_type=\"widget\" id=\"btn1\" data-widget_type=\"button.default\">\n\t\t\t\t<div class=\"elementor-widget-container\">\n\t\t\t\t\t<div class=\"elementor-button-wrapper\">\n\t\t\t<a class=\"elementor-button elementor-button-link elementor-size-lg elementor-animation-sink\" href=\"#sect1\" target=\"_blank\">\n\t\t\t\t\t\t<span class=\"elementor-button-content-wrapper\">\n\t\t\t\t\t\t<span class=\"elementor-button-icon elementor-align-icon-left\">\n\t\t\t\t<i aria-hidden=\"true\" class=\"far fa-arrow-alt-circle-right\"><\/i>\t\t\t<\/span>\n\t\t\t\t\t\t\t\t\t<span class=\"elementor-button-text\">Vezi<\/span>\n\t\t\t\t\t<\/span>\n\t\t\t\t\t<\/a>\n\t\t<\/div>\n\t\t\t\t<\/div>\n\t\t\t\t<\/div>\n\t\t\t\t\t<\/div>\n\t\t<\/div>\n\t\t\t\t<div class=\"elementor-column elementor-col-50 elementor-inner-column elementor-element elementor-element-935c55d\" data-id=\"935c55d\" data-element_type=\"column\">\n\t\t\t<div class=\"elementor-widget-wrap elementor-element-populated\">\n\t\t\t\t\t\t<div class=\"elementor-element elementor-element-86bd3dd elementor-align-center elementor-widget elementor-widget-button\" data-id=\"86bd3dd\" data-element_type=\"widget\" data-widget_type=\"button.default\">\n\t\t\t\t<div class=\"elementor-widget-container\">\n\t\t\t\t\t<div class=\"elementor-button-wrapper\">\n\t\t\t<a class=\"elementor-button elementor-button-link elementor-size-lg elementor-animation-sink\" href=\"https:\/\/podsquadmooc.eu\/ro\/podcast-corner\/\">\n\t\t\t\t\t\t<span class=\"elementor-button-content-wrapper\">\n\t\t\t\t\t\t<span class=\"elementor-button-icon elementor-align-icon-left\">\n\t\t\t\t<i aria-hidden=\"true\" class=\"far fa-arrow-alt-circle-right\"><\/i>\t\t\t<\/span>\n\t\t\t\t\t\t\t\t\t<span class=\"elementor-button-text\">Podcast Corner<\/span>\n\t\t\t\t\t<\/span>\n\t\t\t\t\t<\/a>\n\t\t<\/div>\n\t\t\t\t<\/div>\n\t\t\t\t<\/div>\n\t\t\t\t\t<\/div>\n\t\t<\/div>\n\t\t\t\t\t<\/div>\n\t\t<\/section>\n\t\t\t\t<div class=\"elementor-element elementor-element-cc3d2fd elementor-widget elementor-widget-spacer\" data-id=\"cc3d2fd\" data-element_type=\"widget\" data-widget_type=\"spacer.default\">\n\t\t\t\t<div class=\"elementor-widget-container\">\n\t\t\t<style>\/*! elementor - v3.21.0 - 26-05-2024 *\/\n.elementor-column .elementor-spacer-inner{height:var(--spacer-size)}.e-con{--container-widget-width:100%}.e-con-inner>.elementor-widget-spacer,.e-con>.elementor-widget-spacer{width:var(--container-widget-width,var(--spacer-size));--align-self:var(--container-widget-align-self,initial);--flex-shrink:0}.e-con-inner>.elementor-widget-spacer>.elementor-widget-container,.e-con>.elementor-widget-spacer>.elementor-widget-container{height:100%;width:100%}.e-con-inner>.elementor-widget-spacer>.elementor-widget-container>.elementor-spacer,.e-con>.elementor-widget-spacer>.elementor-widget-container>.elementor-spacer{height:100%}.e-con-inner>.elementor-widget-spacer>.elementor-widget-container>.elementor-spacer>.elementor-spacer-inner,.e-con>.elementor-widget-spacer>.elementor-widget-container>.elementor-spacer>.elementor-spacer-inner{height:var(--container-widget-height,var(--spacer-size))}.e-con-inner>.elementor-widget-spacer.elementor-widget-empty,.e-con>.elementor-widget-spacer.elementor-widget-empty{position:relative;min-height:22px;min-width:22px}.e-con-inner>.elementor-widget-spacer.elementor-widget-empty .elementor-widget-empty-icon,.e-con>.elementor-widget-spacer.elementor-widget-empty .elementor-widget-empty-icon{position:absolute;top:0;bottom:0;left:0;right:0;margin:auto;padding:0;width:22px;height:22px}<\/style>\t\t<div class=\"elementor-spacer\">\n\t\t\t<div class=\"elementor-spacer-inner\"><\/div>\n\t\t<\/div>\n\t\t\t\t<\/div>\n\t\t\t\t<\/div>\n\t\t\t\t<section class=\"elementor-section elementor-inner-section elementor-element elementor-element-8f8b2a7 hidden elementor-section-boxed elementor-section-height-default elementor-section-height-default elementor-invisible\" data-id=\"8f8b2a7\" data-element_type=\"section\" id=\"sect1\" data-settings=\"{&quot;animation&quot;:&quot;slideInUp&quot;}\">\n\t\t\t\t\t\t<div class=\"elementor-container elementor-column-gap-default\">\n\t\t\t\t\t<div class=\"elementor-column elementor-col-100 elementor-inner-column elementor-element elementor-element-bd70d52\" data-id=\"bd70d52\" data-element_type=\"column\" data-settings=\"{&quot;animation&quot;:&quot;none&quot;}\">\n\t\t\t<div class=\"elementor-widget-wrap elementor-element-populated\">\n\t\t\t\t\t\t<div class=\"elementor-element elementor-element-ff1940e elementor-widget elementor-widget-html\" data-id=\"ff1940e\" data-element_type=\"widget\" data-settings=\"{&quot;_animation&quot;:&quot;none&quot;}\" data-no-translation=\"\" data-widget_type=\"html.default\">\n\t\t\t\t<div class=\"elementor-widget-container\">\n\t\t\t<style>.elementor-element-ff1940e{display:none !important}<\/style>\t\t<\/div>\n\t\t\t\t<\/div>\n\t\t\t\t<div class=\"elementor-element elementor-element-f02d3d4 elementor-widget elementor-widget-html\" data-id=\"f02d3d4\" data-element_type=\"widget\" data-no-translation=\"\" data-widget_type=\"html.default\">\n\t\t\t\t<div class=\"elementor-widget-container\">\n\t\t\t<style>.elementor-element-f02d3d4{display:none !important}<\/style>\t\t<\/div>\n\t\t\t\t<\/div>\n\t\t\t\t<div class=\"elementor-element elementor-element-f6e3ae3 elementor-widget elementor-widget-html\" data-id=\"f6e3ae3\" data-element_type=\"widget\" data-no-translation=\"\" data-widget_type=\"html.default\">\n\t\t\t\t<div class=\"elementor-widget-container\">\n\t\t\t<style>.elementor-element-f6e3ae3{display:none !important}<\/style>\t\t<\/div>\n\t\t\t\t<\/div>\n\t\t\t\t<div class=\"elementor-element elementor-element-e3bfd55 elementor-widget elementor-widget-html\" data-id=\"e3bfd55\" data-element_type=\"widget\" data-no-translation=\"\" data-widget_type=\"html.default\">\n\t\t\t\t<div class=\"elementor-widget-container\">\n\t\t\t<div class=\"_df_book df-lite\" id=\"df_1481\"  data-title=\"ro-learning-through-podcasts\" _slug=\"ro-learning-through-podcasts\" wpoptions=\"true\" thumbtype=\"\" ><\/div><script class=\"df-shortcode-script\" type=\"application\/javascript\">window.option_df_1481 = {\"outline\":[],\"backgroundColor\":\"#FFF\",\"autoEnableOutline\":\"false\",\"autoEnableThumbnail\":\"false\",\"overwritePDFOutline\":\"false\",\"direction\":\"1\",\"pageSize\":\"0\",\"source\":\"https:\\\/\\\/podsquadmooc.eu\\\/wp-content\\\/uploads\\\/2024\\\/07\\\/PODSQUAD-PR3-Learning-through-Podcasts-Curriculum-RO.pdf\",\"wpOptions\":\"true\"}; if(window.DFLIP && window.DFLIP.parseBooks){window.DFLIP.parseBooks();}<\/script>\t\t<\/div>\n\t\t\t\t<\/div>\n\t\t\t\t\t<\/div>\n\t\t<\/div>\n\t\t\t\t\t<\/div>\n\t\t<\/section>\n\t\t\t\t<div class=\"elementor-element elementor-element-2e0d95c elementor-widget elementor-widget-spacer\" data-id=\"2e0d95c\" data-element_type=\"widget\" data-widget_type=\"spacer.default\">\n\t\t\t\t<div class=\"elementor-widget-container\">\n\t\t\t\t\t<div class=\"elementor-spacer\">\n\t\t\t<div class=\"elementor-spacer-inner\"><\/div>\n\t\t<\/div>\n\t\t\t\t<\/div>\n\t\t\t\t<\/div>\n\t\t\t\t\t<\/div>\n\t\t<\/div>\n\t\t\t\t\t<\/div>\n\t\t<\/section>\n\t\t\t\t<section class=\"elementor-section elementor-top-section elementor-element elementor-element-4ccaca2 elementor-section-boxed elementor-section-height-default elementor-section-height-default\" data-id=\"4ccaca2\" data-element_type=\"section\">\n\t\t\t\t\t\t<div class=\"elementor-container elementor-column-gap-default\">\n\t\t\t\t\t<div class=\"elementor-column elementor-col-100 elementor-top-column elementor-element elementor-element-84c9826\" data-id=\"84c9826\" data-element_type=\"column\">\n\t\t\t<div class=\"elementor-widget-wrap elementor-element-populated\">\n\t\t\t\t\t\t<div class=\"elementor-element elementor-element-c32077b elementor-widget elementor-widget-html\" data-id=\"c32077b\" data-element_type=\"widget\" data-widget_type=\"html.default\">\n\t\t\t\t<div class=\"elementor-widget-container\">\n\t\t\t<style>\r\n  .elementor-editor-active .hidden {\r\n    display: block;\r\n  }\r\n  .hidden {\r\n    display: none;\r\n  }\r\n  .shown {\r\n    display: block !important;\r\n  }\r\n<\/style>\r\n\r\n<script>\r\n  var btn1 = document.getElementById(\"btn1\"); \r\n  \r\n \r\n  btn1.onclick = function(event) {\r\n    event.preventDefault();\r\n    document.getElementById(\"sect1\").classList.remove(\"hidden\"); \/\/ remove the hidden class\r\n    toggleDivs(\"sect1\"); \/\/ hide\/show other sections\r\n  };\r\n\r\n\r\n\r\n    \/\/function to hide or show\r\n  function toggleDivs(s) {\r\n    \/\/ hide all sections except the one with the given id\r\n    document.querySelectorAll(\"section[id^='sect']\").forEach(function(sec) {\r\n      if (sec.id !== s) {\r\n        sec.classList.remove(\"shown\");\r\n      }\r\n    });\r\n\r\n    \/\/ show the section with the given id\r\n    document.getElementById(s).classList.add(\"shown\");\r\n  }\r\n<\/script>\t\t<\/div>\n\t\t\t\t<\/div>\n\t\t\t\t\t<\/div>\n\t\t<\/div>\n\t\t\t\t\t<\/div>\n\t\t<\/section>\n\t\t\t\t<section class=\"elementor-section elementor-top-section elementor-element elementor-element-0de72c1 elementor-section-boxed elementor-section-height-default elementor-section-height-default\" data-id=\"0de72c1\" data-element_type=\"section\">\n\t\t\t\t\t\t<div class=\"elementor-container elementor-column-gap-default\">\n\t\t\t\t\t<div class=\"elementor-column elementor-col-100 elementor-top-column elementor-element elementor-element-8e9c151\" data-id=\"8e9c151\" data-element_type=\"column\">\n\t\t\t<div class=\"elementor-widget-wrap elementor-element-populated\">\n\t\t\t\t\t\t<section class=\"elementor-section elementor-inner-section elementor-element elementor-element-6ab987a elementor-section-boxed elementor-section-height-default elementor-section-height-default\" data-id=\"6ab987a\" data-element_type=\"section\">\n\t\t\t\t\t\t<div class=\"elementor-container elementor-column-gap-default\">\n\t\t\t\t\t<div class=\"elementor-column elementor-col-50 elementor-inner-column elementor-element elementor-element-f294452\" data-id=\"f294452\" data-element_type=\"column\">\n\t\t\t<div class=\"elementor-widget-wrap elementor-element-populated\">\n\t\t\t\t\t\t<div class=\"elementor-element elementor-element-0b980c7 elementor-widget elementor-widget-image\" data-id=\"0b980c7\" data-element_type=\"widget\" data-widget_type=\"image.default\">\n\t\t\t\t<div class=\"elementor-widget-container\">\n\t\t\t\t\t\t\t\t\t\t\t\t\t<img decoding=\"async\" width=\"1024\" height=\"285\" src=\"https:\/\/podsquadmooc.eu\/wp-content\/uploads\/2024\/03\/Erasmus-logo-1024x285.png\" class=\"attachment-large size-large wp-image-1495\" alt=\"\" srcset=\"https:\/\/podsquadmooc.eu\/wp-content\/uploads\/2024\/03\/Erasmus-logo-1024x285.png 1024w, https:\/\/podsquadmooc.eu\/wp-content\/uploads\/2024\/03\/Erasmus-logo-300x83.png 300w, https:\/\/podsquadmooc.eu\/wp-content\/uploads\/2024\/03\/Erasmus-logo-768x214.png 768w, https:\/\/podsquadmooc.eu\/wp-content\/uploads\/2024\/03\/Erasmus-logo-1536x427.png 1536w, https:\/\/podsquadmooc.eu\/wp-content\/uploads\/2024\/03\/Erasmus-logo-2048x570.png 2048w, https:\/\/podsquadmooc.eu\/wp-content\/uploads\/2024\/03\/Erasmus-logo-18x5.png 18w\" sizes=\"(max-width: 1024px) 100vw, 1024px\" \/>\t\t\t\t\t\t\t\t\t\t\t\t\t<\/div>\n\t\t\t\t<\/div>\n\t\t\t\t\t<\/div>\n\t\t<\/div>\n\t\t\t\t<div class=\"elementor-column elementor-col-50 elementor-inner-column elementor-element elementor-element-b6c86d3\" data-id=\"b6c86d3\" data-element_type=\"column\">\n\t\t\t<div class=\"elementor-widget-wrap elementor-element-populated\">\n\t\t\t\t\t\t<div class=\"elementor-element elementor-element-7149b0f elementor-widget elementor-widget-text-editor\" data-id=\"7149b0f\" data-element_type=\"widget\" data-widget_type=\"text-editor.default\">\n\t\t\t\t<div class=\"elementor-widget-container\">\n\t\t\t\t\t\t\t<p><i>Funded by the European Union. Views and opinions expressed are however those of the author(s) only and do not necessarily reflect those of the European Union or the European Education and Culture Executive Agency (EACEA). Neither the European Union nor EACEA can be held responsible for them<\/i>.<\/p>\t\t\t\t\t\t<\/div>\n\t\t\t\t<\/div>\n\t\t\t\t\t<\/div>\n\t\t<\/div>\n\t\t\t\t\t<\/div>\n\t\t<\/section>\n\t\t\t\t\t<\/div>\n\t\t<\/div>\n\t\t\t\t\t<\/div>\n\t\t<\/section>\n\t\t\t\t<\/div>","protected":false},"excerpt":{"rendered":"<p>Home In Service Training Programme My Mental Health Toolkit of Resources Embedded Learning through Podcasts Curriculum Login Register Community of Practice X Embedded Learning through Podcasts Curriculum The PODSQUAD Embedded Learning through Podcasts Curriculum is a unique program developed to empower young people by combining remote learning and podcasting into a succinct curriculum. Young people &hellip;<\/p>\n<p class=\"read-more\"> <a class=\"\" href=\"https:\/\/podsquadmooc.eu\/ro\/embedded-learning-through-podcasts-curriculum\/\"> <span class=\"screen-reader-text\">Curriculum de \u00eenv\u0103\u021bare \u00eencorporat\u0103 prin podcasturi<\/span> Read More &raquo;<\/a><\/p>","protected":false},"author":1,"featured_media":0,"parent":0,"menu_order":0,"comment_status":"closed","ping_status":"closed","template":"elementor_canvas","meta":{"om_disable_all_campaigns":false,"_monsterinsights_skip_tracking":false,"_monsterinsights_sitenote_active":false,"_monsterinsights_sitenote_note":"","_monsterinsights_sitenote_category":0,"site-sidebar-layout":"default","site-content-layout":"default","ast-global-header-display":"","ast-main-header-display":"","ast-hfb-above-header-display":"","ast-hfb-below-header-display":"","ast-hfb-mobile-header-display":"","site-post-title":"","ast-breadcrumbs-content":"","ast-featured-img":"","footer-sml-layout":"","theme-transparent-header-meta":"","adv-header-id-meta":"","stick-header-meta":"","header-above-stick-meta":"","header-main-stick-meta":"","header-below-stick-meta":"","footnotes":""},"aioseo_notices":[],"featured_image":{"thumbnail":false,"medium":false,"medium_large":false,"large":false},"_links":{"self":[{"href":"https:\/\/podsquadmooc.eu\/ro\/wp-json\/wp\/v2\/pages\/906"}],"collection":[{"href":"https:\/\/podsquadmooc.eu\/ro\/wp-json\/wp\/v2\/pages"}],"about":[{"href":"https:\/\/podsquadmooc.eu\/ro\/wp-json\/wp\/v2\/types\/page"}],"author":[{"embeddable":true,"href":"https:\/\/podsquadmooc.eu\/ro\/wp-json\/wp\/v2\/users\/1"}],"replies":[{"embeddable":true,"href":"https:\/\/podsquadmooc.eu\/ro\/wp-json\/wp\/v2\/comments?post=906"}],"version-history":[{"count":70,"href":"https:\/\/podsquadmooc.eu\/ro\/wp-json\/wp\/v2\/pages\/906\/revisions"}],"predecessor-version":[{"id":1553,"href":"https:\/\/podsquadmooc.eu\/ro\/wp-json\/wp\/v2\/pages\/906\/revisions\/1553"}],"wp:attachment":[{"href":"https:\/\/podsquadmooc.eu\/ro\/wp-json\/wp\/v2\/media?parent=906"}],"curies":[{"name":"wp","href":"https:\/\/api.w.org\/{rel}","templated":true}]}}